{"id":256,"date":"2020-02-03T20:47:46","date_gmt":"2020-02-03T17:17:46","guid":{"rendered":"https:\/\/carolinefuss.com\/?page_id=256"},"modified":"2025-06-09T07:33:16","modified_gmt":"2025-06-09T09:03:16","slug":"biographie","status":"publish","type":"page","link":"https:\/\/carolinefuss.com\/?page_id=256","title":{"rendered":"Biographie"},"content":{"rendered":"<p><strong>1964 \u00a0 \u00a0 \u00a0 \u00a0 \u00a0 \u00a0 \u00a0 \u00a0\u00a0 Born in Paris<\/strong><\/p>\n<p><strong>Live in Z\u00fcrich (CH) since the year 2000.<\/strong><\/p>\n<p><strong>French \/Swiss.<\/strong><\/p>\n<p><strong>Member of the Board SSFA \u00a0( Swiss Society of Female Artists) Zurich Section.<\/strong><\/p>\n<p>&nbsp;<\/p>\n<p><b>EDUCATION<\/b><\/p>\n<p><strong>2025 &#8211; 2026<\/strong><\/p>\n<ul>\n<li>M.A.S. \u00a0\u00bb Creative Practice\u00a0\u00bb &#8211; Z\u00fcrcher Hochschule der K\u00fcnste (ZHdK) &#8211; Z\u00fcrich<\/li>\n<\/ul>\n<p><strong>2024 &#8211; 2025<\/strong><\/p>\n<ul>\n<li>C.A.S. \u00a0\u00bb Coding for the Arts\u00a0\u00bb &#8211; Z\u00fcrcher Hochschule der K\u00fcnste (ZHdK) &#8211; Z\u00fcrich<\/li>\n<\/ul>\n<p><strong>2021 &#8211; 2022<\/strong><\/p>\n<ul>\n<li>C.A.S. \u00a0\u00ab\u00a0Arts &amp; Design in Practice\u00a0\u00bb &#8211; Z\u00fcrcher Hochschule der K\u00fcnste (ZHdK) &#8211; Z\u00fcrich<\/li>\n<\/ul>\n<p><strong>2020 &#8211; 2021<\/strong><\/p>\n<ul>\n<li>Mentorat \u00ab\u00a0Project Development in Arts\u00a0\u00bb &#8211; Z\u00fcrcher Hochschule der K\u00fcnste (ZHdK) &#8211; Z\u00fcrich<\/li>\n<\/ul>\n<p><strong>2018 &#8211; 2019<\/strong><\/p>\n<ul>\n<li>C.A.S. (Certificate of Advanced Studies) Bildnerisches Gestalten \/ Artistic design<\/li>\n<\/ul>\n<p><strong>2017 &#8211; 2017<\/strong><\/p>\n<ul>\n<li>Perspective drawing with Esther Angst<\/li>\n<\/ul>\n<p><strong>2013 &#8211; 2014<\/strong><\/p>\n<ul>\n<li>Painting Class with Eliane Esposito Binggeli &#8211; \u00ab\u00a0Paint, draw, imagine and abstract\u00a0\u00bb<\/li>\n<\/ul>\n<p><strong>2011 &#8211; 2013<\/strong><\/p>\n<ul>\n<li>Painting Class with Sofie Wandeler &#8211; Abstract Painting<\/li>\n<\/ul>\n<p><strong>2009 &#8211; 2010<\/strong><\/p>\n<ul>\n<li>Drawing Class with Alex Zwalen<\/li>\n<\/ul>\n<p><strong>2007 &#8211; 2011<\/strong><\/p>\n<ul>\n<li>Painting Class with Serge Pinkus &#8211; \u00ab\u00a0Painting of Today\u00a0\u00bb<\/li>\n<\/ul>\n<p><strong>2003 &#8211; 2007<\/strong><\/p>\n<ul>\n<li>Psychology study &#8211; for bachelor degree &#8211; in Psychology University of Reims and University of Strasburg, France<\/li>\n<\/ul>\n<p><strong>since 2000<\/strong><\/p>\n<ul>\n<li>Joined Zurich Opera Company Professional Chorus<\/li>\n<\/ul>\n<p><strong>1991 &#8211; 1999<\/strong><\/p>\n<ul>\n<li>Freelance work in Operas, Oratorios and Concerts, France<\/li>\n<\/ul>\n<p><strong>1981 &#8211; 1990<\/strong><\/p>\n<ul>\n<li>(Music) Voice and Opera studies, Paris<\/li>\n<\/ul>\n<p>&nbsp;<\/p>\n<p><b>WORKSHOP<\/b><\/p>\n<p><strong>2014<\/strong><\/p>\n<ul>\n<li>\u00ab\u00a0There is so much still to be learned at Saturn\u00a0\u00bb with Charlotte Cullinan &#8211;\u00a0Salzburg \u00a0 \u00a0 International Summer Academy of Fine Arts<\/li>\n<\/ul>\n<p>&nbsp;<\/p>\n<p>&nbsp;<\/p>\n","protected":false},"excerpt":{"rendered":"<p>1964 \u00a0 \u00a0 \u00a0 \u00a0 \u00a0 \u00a0 \u00a0 \u00a0\u00a0 Born in Paris Live in Z\u00fcrich (CH) since the year 2000. French \/Swiss. Member of the Board SSFA \u00a0( Swiss Society of Female Artists) Zurich Section. &nbsp; EDUCATION 2025 &#8211; 2026 M.A.S. \u00a0\u00bb Creative Practice\u00a0\u00bb &#8211; Z\u00fcrcher Hochschule der K\u00fcnste (ZHdK)<\/p>\n<div class=\"belowpost\"><a class=\"btnmore icon-arrow\" href=\"https:\/\/carolinefuss.com\/?page_id=256\"><span>Read More<\/span><\/a><\/div>\n","protected":false},"author":1,"featured_media":0,"parent":0,"menu_order":0,"comment_status":"closed","ping_status":"closed","template":"","meta":{"footnotes":""},"class_list":["post-256","page","type-page","status-publish","hentry"],"jetpack_sharing_enabled":true,"_links":{"self":[{"href":"https:\/\/carolinefuss.com\/index.php?rest_route=\/wp\/v2\/pages\/256","targetHints":{"allow":["GET"]}}],"collection":[{"href":"https:\/\/carolinefuss.com\/index.php?rest_route=\/wp\/v2\/pages"}],"about":[{"href":"https:\/\/carolinefuss.com\/index.php?rest_route=\/wp\/v2\/types\/page"}],"author":[{"embeddable":true,"href":"https:\/\/carolinefuss.com\/index.php?rest_route=\/wp\/v2\/users\/1"}],"replies":[{"embeddable":true,"href":"https:\/\/carolinefuss.com\/index.php?rest_route=%2Fwp%2Fv2%2Fcomments&post=256"}],"version-history":[{"count":16,"href":"https:\/\/carolinefuss.com\/index.php?rest_route=\/wp\/v2\/pages\/256\/revisions"}],"predecessor-version":[{"id":1263,"href":"https:\/\/carolinefuss.com\/index.php?rest_route=\/wp\/v2\/pages\/256\/revisions\/1263"}],"wp:attachment":[{"href":"https:\/\/carolinefuss.com\/index.php?rest_route=%2Fwp%2Fv2%2Fmedia&parent=256"}],"curies":[{"name":"wp","href":"https:\/\/api.w.org\/{rel}","templated":true}]}}