{"id":259,"date":"2020-02-03T20:50:11","date_gmt":"2020-02-03T17:20:11","guid":{"rendered":"https:\/\/carolinefuss.com\/?page_id=259"},"modified":"2025-09-12T13:54:09","modified_gmt":"2025-09-12T15:24:09","slug":"exhibitions","status":"publish","type":"page","link":"https:\/\/carolinefuss.com\/?page_id=259","title":{"rendered":"Exhibitions"},"content":{"rendered":"<p>&nbsp;<\/p>\n<p><b>EXHIBITIONS<\/b><\/p>\n<p><b> <\/b><b>2026<\/b><b><\/b><\/p>\n<p><b><\/b>&#8211; \u00ab\u00a0Hommages\u00a0\u00bb 101 Jahr Jubil\u00e4um SGBK Z\u00fcrich &#8211; Z\u00fcrich<\/p>\n<p><strong>2025<\/strong><\/p>\n<p><b><\/b>&#8211; \u00ab\u00a0SLOW ART\u00a0\u00bb &#8211; SGBK Z\u00fcrich &#8211; Villa Meier Severini &#8211; Zollikon<\/p>\n<p>&#8211; \u00ab\u00a0Herbstausstellung\u00a0\u00bb Galerie Katapult &#8211; Basel<\/p>\n<p>&#8211; \u00ab\u00a0Fr\u00fchlingsausstellung\u00a0\u00bb Galerie Katapult &#8211; Basel<\/p>\n<p><b> <\/b><b>2024<\/b><\/p>\n<p>&#8211; \u00ab Identit\u00e4ten in Bewegung \u00bb KUNSTraum &#8211; Winterthur<\/p>\n<p><b><\/b>&#8211; \u00ab Br\u00fccken bauen \u00bb Galerie Kunstsammlung Unterseen\/Interlaken<span class=\"Apple-converted-space\">\u00a0<\/span><\/p>\n<p>&#8211; \u00ab Summersplash \u00bb Atelier R6 &#8211; 6410 Goldau<\/p>\n<p><b><\/b>&#8211; \u00ab Was mich besch\u00e4ftig! \u00bb Photobastei Z\u00fcrich<\/p>\n<p><b> 2023 <\/b><\/p>\n<p>&#8211; \u00ab Landschafts Ver\u00e4nderung im Blickfeld der Kunst \u00bb Singisen Forum &#8211; Muri<\/p>\n<p>&#8211; FATart<span class=\"Apple-converted-space\">\u00a0 <\/span>Fair 06 &#8211; Schaffhausen<span class=\"Apple-converted-space\">\u00a0<\/span><\/p>\n<p>&#8211; \u00ab Salon des refus\u00e9s \u00bb &#8211; Friends &#8211; Z\u00fcrich<span class=\"Apple-converted-space\">\u00a0<\/span><\/p>\n<p>&#8211; \u00ab Wandel ist st\u00e4rke \u00bb &#8211; SGBK \u00a0Z\u00fcrich &#8211; Villa Meier Severini &#8211; Zollikon<b><span class=\"Apple-converted-space\">\u00a0<\/span><\/b><\/p>\n<p><b>2022<\/b><\/p>\n<p>&#8211; \u00ab\u00a0Kreuz di Ker\u00a0\u00bb &#8211; Ortsmuseum Meilen ZH<\/p>\n<p>&#8211; FATArt Fair 05 &#8211; Schaffhausen<\/p>\n<p>&#8211; \u00ab\u00a0Connected in Art\u00a0\u00bb &#8211; \u00a0120 Jahr Jubil\u00e4um SGBK &#8211; Casa Serodine &#8211; Ascona<\/p>\n<p><img loading=\"lazy\" decoding=\"async\" class=\"wp-image-846 size-large aligncenter\" src=\"https:\/\/carolinefuss.com\/wp-content\/uploads\/2022\/05\/1fe9a955-9552-41af-927c-f66677e1681c-1024x661.jpeg\" alt=\"\" width=\"1000\" height=\"646\" srcset=\"https:\/\/carolinefuss.com\/wp-content\/uploads\/2022\/05\/1fe9a955-9552-41af-927c-f66677e1681c-1024x661.jpeg 1024w, https:\/\/carolinefuss.com\/wp-content\/uploads\/2022\/05\/1fe9a955-9552-41af-927c-f66677e1681c-300x194.jpeg 300w, https:\/\/carolinefuss.com\/wp-content\/uploads\/2022\/05\/1fe9a955-9552-41af-927c-f66677e1681c-768x496.jpeg 768w, https:\/\/carolinefuss.com\/wp-content\/uploads\/2022\/05\/1fe9a955-9552-41af-927c-f66677e1681c-1536x992.jpeg 1536w, https:\/\/carolinefuss.com\/wp-content\/uploads\/2022\/05\/1fe9a955-9552-41af-927c-f66677e1681c.jpeg 1600w\" sizes=\"auto, (max-width: 1000px) 100vw, 1000px\" \/><\/p>\n<p>&nbsp;<\/p>\n<p>&#8211; \u00ab\u00a0Plastic-Mania\u00a0\u00bb &#8211; Solo exhibition &#8211; Mehrspur ZHdK &#8211; Zurich<\/p>\n<div style=\"width: 848px;\" class=\"wp-video\"><!--[if lt IE 9]><script>document.createElement('video');<\/script><![endif]-->\n<video class=\"wp-video-shortcode\" id=\"video-259-1\" width=\"848\" height=\"480\" preload=\"metadata\" controls=\"controls\"><source type=\"video\/mp4\" src=\"https:\/\/carolinefuss.com\/wp-content\/uploads\/2022\/05\/1ef2353b-96ed-4287-a631-d83cea9c8797.mp4?_=1\" \/><a href=\"https:\/\/carolinefuss.com\/wp-content\/uploads\/2022\/05\/1ef2353b-96ed-4287-a631-d83cea9c8797.mp4\">https:\/\/carolinefuss.com\/wp-content\/uploads\/2022\/05\/1ef2353b-96ed-4287-a631-d83cea9c8797.mp4<\/a><\/video><\/div>\n<p><strong>2021<\/strong><\/p>\n<p>&#8211; \u00ab\u00a0Mythos und Realit\u00e4t\u00a0\u00bb &#8211; Klostertorkel Maienfeld<\/p>\n<p>&#8211; FATart Fair 04 &#8211; Schaffhausen<\/p>\n<p>&#8211; \u00ab\u00a0Position 20\/21\u00a0\u00bb SGBK Z\u00fcrich &#8211; Zurich<\/p>\n<p>&#8211; \u00ab\u00a0Potpourri der Sinne\u00a0\u00bb &#8211; April 2021 &#8211; Adliswil<\/p>\n<p><b>2020<\/b><\/p>\n<p>&#8211; DNA3 &#8211; Villa Meier Severini &#8211; Zollikon<\/p>\n<p>&#8211; \u00ab\u00a0Augenblicke\u00a0\u00bb Adliswil<\/p>\n<p>&#8211; FATart Fair 03 (Femmes Artist Table) &#8211; Schaffhausen &#8211;<\/p>\n<p>&#8211; Discovery Art Fair Cologne &#8211; Germany &#8211; Postponed<\/p>\n<p>&#8211; \u00ab\u00a0Begrenzt, ausgrenzen, grenzenlos\u00a0\u00bb &#8211; Adliswil<\/p>\n<p><b>2019<\/b><\/p>\n<p>&#8211; FATart Fair 02 \u00a0(Femmes Artistes Table ) &#8211; Schaffhausen<\/p>\n<p>&#8211; Exhibition \u00ab\u00a0Erfindung, Entstehung, Prozess\u00a0\u00bb &#8211; Adliswil<span class=\"Apple-converted-space\">\u00a0<\/span><\/p>\n<p>&#8211; Group exhibition &#8211; Adliswil<\/p>\n<p><b>2018 \u00a0<\/b><\/p>\n<p>&#8211;<b> \u00a0<\/b>Group exhibition &#8211; Adliswil<\/p>\n<p>&#8211; The Artbox.Project New-York 1.0<\/p>\n<p><b>2017<\/b><\/p>\n<p><b>&#8211; \u00a0<\/b>The Artbox.Project Basel 1.0 &#8211; Euroairport Basel &#8211; Eventplatform Luminator<\/p>\n<p><b>&#8211;\u00a0<\/b> ZIWA ArtsFest 2017 \u00a0\u00ab\u00a0a Woman&rsquo;s accent\u00a0\u00bb &#8211; PEYER Fine Art Gallery &#8211; Zurich<\/p>\n<p><b>&#8211; \u00a0<\/b>Solo exhibition at the American Women&rsquo;s Club (AWC) Zurich<\/p>\n<p>&nbsp;<\/p>\n<p><b>PUBLICATIONS<\/b><\/p>\n<p><b>2017<span class=\"Apple-converted-space\">\u00a0<\/span><\/b><\/p>\n<p>&#8211; \u00a0Article written by Fausto Colombo \u00a0(journalist, street photographer, bearded model)<\/p>\n<p><a href=\"http:\/\/zuriswissness.blogspot.ch\/2017\/02\/zurigo-in-18-tele.html\">http:\/\/zuriswissness.blogspot.ch\/2017\/02\/zurigo-in-18-tele.html<\/a><\/p>\n<p><b>2016 \u00a0<\/b><\/p>\n<p>&#8211; \u00a0\u00ab\u00a0Introducing the painter Caroline Fuss\u00a0\u00bb &#8211; \u00a0Short video showing Caroline Fuss in her studio. Video Producer Ian Oggenfuss<\/p>\n<p><a href=\"https:\/\/www.youtube.com\/watch?v=gCha7qTMVm4\">https:\/\/www.youtube.com\/watch?v=gCha7qTMVm4<\/a><\/p>\n<p><a href=\"https:\/\/lisasporcelain.com\/2016\/09\/17\/caroline-fuss-paints-strong-impressions-out-of-her-subconcious\/\">&#8211; \u00a0Article written by Lisa Lorenz\u00a0<\/a>(singer &amp;porcelain maker)<\/p>\n<p><a href=\"https:\/\/lisasporcelain.com\/2016\/09\/17\/caroline-fuss-paints-strong-impressions-out-of-her-subconcious\/\">Caroline Fuss paints strong impressions from her subconscious<\/a><\/p>\n","protected":false},"excerpt":{"rendered":"<p>&nbsp; EXHIBITIONS 2026 &#8211; \u00ab\u00a0Hommages\u00a0\u00bb 101 Jahr Jubil\u00e4um SGBK Z\u00fcrich &#8211; Z\u00fcrich 2025 &#8211; \u00ab\u00a0SLOW ART\u00a0\u00bb &#8211; SGBK Z\u00fcrich &#8211; Villa Meier Severini &#8211; Zollikon &#8211; \u00ab\u00a0Herbstausstellung\u00a0\u00bb Galerie Katapult &#8211; Basel &#8211; \u00ab\u00a0Fr\u00fchlingsausstellung\u00a0\u00bb Galerie Katapult &#8211; Basel 2024 &#8211; \u00ab Identit\u00e4ten in Bewegung \u00bb KUNSTraum &#8211; Winterthur &#8211; \u00ab Br\u00fccken<\/p>\n<div class=\"belowpost\"><a class=\"btnmore icon-arrow\" href=\"https:\/\/carolinefuss.com\/?page_id=259\"><span>Read More<\/span><\/a><\/div>\n","protected":false},"author":1,"featured_media":0,"parent":0,"menu_order":0,"comment_status":"closed","ping_status":"closed","template":"","meta":{"footnotes":""},"class_list":["post-259","page","type-page","status-publish","hentry"],"jetpack_sharing_enabled":true,"_links":{"self":[{"href":"https:\/\/carolinefuss.com\/index.php?rest_route=\/wp\/v2\/pages\/259","targetHints":{"allow":["GET"]}}],"collection":[{"href":"https:\/\/carolinefuss.com\/index.php?rest_route=\/wp\/v2\/pages"}],"about":[{"href":"https:\/\/carolinefuss.com\/index.php?rest_route=\/wp\/v2\/types\/page"}],"author":[{"embeddable":true,"href":"https:\/\/carolinefuss.com\/index.php?rest_route=\/wp\/v2\/users\/1"}],"replies":[{"embeddable":true,"href":"https:\/\/carolinefuss.com\/index.php?rest_route=%2Fwp%2Fv2%2Fcomments&post=259"}],"version-history":[{"count":25,"href":"https:\/\/carolinefuss.com\/index.php?rest_route=\/wp\/v2\/pages\/259\/revisions"}],"predecessor-version":[{"id":1268,"href":"https:\/\/carolinefuss.com\/index.php?rest_route=\/wp\/v2\/pages\/259\/revisions\/1268"}],"wp:attachment":[{"href":"https:\/\/carolinefuss.com\/index.php?rest_route=%2Fwp%2Fv2%2Fmedia&parent=259"}],"curies":[{"name":"wp","href":"https:\/\/api.w.org\/{rel}","templated":true}]}}